{"id":8,"date":"2015-10-15T23:13:34","date_gmt":"2015-10-15T20:13:34","guid":{"rendered":"http:\/\/elbitekstil.com.tr\/?page_id=8"},"modified":"2022-01-14T12:02:29","modified_gmt":"2022-01-14T09:02:29","slug":"iletisim","status":"publish","type":"page","link":"http:\/\/elbitekstil.com.tr\/index.php\/iletisim\/","title":{"rendered":"\u0130LET\u0130\u015e\u0130M"},"content":{"rendered":"<p>ADRES:<br>Adres: Panay\u0131r Mh. \u0130stanbul Cd. Bi\u00e7en Plaza no:387\/E<br>Osmangazi\/Bursa<\/p>\n<p>TEL:+90224 504 39 06<\/p>\n<p>FAX:+90224 504 45 70<\/p>\n<p>E-MA\u0130L:&nbsp;<a href=\"mailto:info@elbitekstil.com.tr\">info@elbitekstil.com.tr<\/a><br><iframe style=\"border: 0px;\" src=\"https:\/\/www.google.com\/maps\/embed?pb=!1m18!1m12!1m3!1d269.21066926965153!2d29.061561406853766!3d40.236392767111774!2m3!1f0!2f0!3f0!3m2!1i1024!2i768!4f13.1!3m3!1m2!1s0x14ca3ffc5f5860ef%3A0x378d6704e4fa2ea!2sBi%C3%A7en%20Plaza%20Home%20Office%20%26%20Residence!5e0!3m2!1str!2str!4v1642150880738!5m2!1str!2str\" width=\"900\" height=\"400\" frameborder=\"0\" allowfullscreen=\"allowfullscreen\"><\/iframe><\/p>\n\n\n<p><\/p>\n","protected":false},"excerpt":{"rendered":"<p>ADRES:Adres: Panay\u0131r Mh. \u0130stanbul Cd. Bi\u00e7en Plaza no:387\/EOsmangazi\/Bursa TEL:+90224 504 39 06 FAX:+90224 504 45 70 E-MA\u0130L:&nbsp;info@elbitekstil.com.tr<\/p>\n","protected":false},"author":1,"featured_media":0,"parent":0,"menu_order":0,"comment_status":"closed","ping_status":"closed","template":"fullpage.php","meta":[],"_links":{"self":[{"href":"http:\/\/elbitekstil.com.tr\/index.php\/wp-json\/wp\/v2\/pages\/8"}],"collection":[{"href":"http:\/\/elbitekstil.com.tr\/index.php\/wp-json\/wp\/v2\/pages"}],"about":[{"href":"http:\/\/elbitekstil.com.tr\/index.php\/wp-json\/wp\/v2\/types\/page"}],"author":[{"embeddable":true,"href":"http:\/\/elbitekstil.com.tr\/index.php\/wp-json\/wp\/v2\/users\/1"}],"replies":[{"embeddable":true,"href":"http:\/\/elbitekstil.com.tr\/index.php\/wp-json\/wp\/v2\/comments?post=8"}],"version-history":[{"count":20,"href":"http:\/\/elbitekstil.com.tr\/index.php\/wp-json\/wp\/v2\/pages\/8\/revisions"}],"predecessor-version":[{"id":171,"href":"http:\/\/elbitekstil.com.tr\/index.php\/wp-json\/wp\/v2\/pages\/8\/revisions\/171"}],"wp:attachment":[{"href":"http:\/\/elbitekstil.com.tr\/index.php\/wp-json\/wp\/v2\/media?parent=8"}],"curies":[{"name":"wp","href":"https:\/\/api.w.org\/{rel}","templated":true}]}}