{"id":26,"date":"2015-10-16T00:14:23","date_gmt":"2015-10-15T21:14:23","guid":{"rendered":"http:\/\/elbitekstil.com.tr\/?page_id=26"},"modified":"2017-07-08T23:43:05","modified_gmt":"2017-07-08T20:43:05","slug":"kalite-politikamiz","status":"publish","type":"page","link":"http:\/\/elbitekstil.com.tr\/index.php\/kalite-politikamiz\/","title":{"rendered":"KAL\u0130TE POL\u0130T\u0130KAMIZ"},"content":{"rendered":"<p style=\"text-align: justify;\">\u00a0 \u00a0 \u00a0 \u00a0 \u00a0 \u00a0 \u00a0Elbi\u00a0Tekstil, kuruldu\u011fu ilk g\u00fcnden itibaren m\u00fc\u015fteri taleplerini ve beklentilerini \u00f6n planda tutan, bu beklentileri en iyi \u015fekilde kar\u015f\u0131layan bir g\u00f6rev bilinciyle hareket etmektedir. Di\u011fer \u015firketler taraf\u0131ndan referans al\u0131nan ve \u00f6rnek g\u00f6sterilen Elbi Tekstil, do\u011fal kaynaklar\u0131 ve \u015firket kaynaklar\u0131n\u0131 en verimli \u015fekilde kulland\u0131\u011f\u0131 gibi \u00e7evre kirlili\u011fi konusunda da son derece dikkatli davranmaktad\u0131r. Elbi Tekstil en kaliteli \u00fcretimi yaparken havaya, suya veya topra\u011fa ge\u00e7ici veya kal\u0131c\u0131 olumsuz hi\u00e7bir etkide bulunmadan, tamamen uluslararas\u0131 normlara uyarak \u00fcretim yapmaktad\u0131r.<\/p>\n<p style=\"text-align: justify;\">\u00a0 \u00a0 \u00a0 \u00a0 \u00a0 \u00a0En kaliteli \u00fcr\u00fcnleri en do\u011fru \u015fekilde m\u00fc\u015fteriye sunmak i\u00e7in teknolojik geli\u015fmeleri en yak\u0131ndan takip eden ve d\u00fcnya standartlar\u0131nda hizmet veren Elbi Tekstil, sekt\u00f6rde nitelikli insan g\u00fcc\u00fcn\u00fc geli\u015ftirmek ve kal\u0131c\u0131l\u0131\u011f\u0131n\u0131 sa\u011flamak amac\u0131yla; \u00e7al\u0131\u015fanlar\u0131n kendilerini geli\u015ftirmeleri ve potansiyellerini ortaya koyabilmeleri i\u00e7in gerekli zemini haz\u0131rlam\u0131\u015f, bu disiplin ve \u00f6ng\u00f6r\u00fcyle kalitede ve her alanda \u00fcretimde lider olmay\u0131 ama\u00e7lam\u0131\u015ft\u0131r.<\/p>\n","protected":false},"excerpt":{"rendered":"<p>\u00a0 \u00a0 \u00a0 \u00a0 \u00a0 \u00a0 \u00a0Elbi\u00a0Tekstil, kuruldu\u011fu ilk g\u00fcnden itibaren m\u00fc\u015fteri taleplerini ve beklentilerini \u00f6n planda tutan, bu beklentileri en iyi \u015fekilde kar\u015f\u0131layan bir g\u00f6rev bilinciyle hareket etmektedir. Di\u011fer \u015firketler taraf\u0131ndan referans al\u0131nan ve \u00f6rnek g\u00f6sterilen Elbi Tekstil, do\u011fal kaynaklar\u0131 ve \u015firket kaynaklar\u0131n\u0131 en verimli \u015fekilde kulland\u0131\u011f\u0131 gibi \u00e7evre kirlili\u011fi konusunda da son derece [&hellip;]<\/p>\n","protected":false},"author":1,"featured_media":0,"parent":0,"menu_order":0,"comment_status":"closed","ping_status":"closed","template":"fullpage.php","meta":[],"_links":{"self":[{"href":"http:\/\/elbitekstil.com.tr\/index.php\/wp-json\/wp\/v2\/pages\/26"}],"collection":[{"href":"http:\/\/elbitekstil.com.tr\/index.php\/wp-json\/wp\/v2\/pages"}],"about":[{"href":"http:\/\/elbitekstil.com.tr\/index.php\/wp-json\/wp\/v2\/types\/page"}],"author":[{"embeddable":true,"href":"http:\/\/elbitekstil.com.tr\/index.php\/wp-json\/wp\/v2\/users\/1"}],"replies":[{"embeddable":true,"href":"http:\/\/elbitekstil.com.tr\/index.php\/wp-json\/wp\/v2\/comments?post=26"}],"version-history":[{"count":3,"href":"http:\/\/elbitekstil.com.tr\/index.php\/wp-json\/wp\/v2\/pages\/26\/revisions"}],"predecessor-version":[{"id":32,"href":"http:\/\/elbitekstil.com.tr\/index.php\/wp-json\/wp\/v2\/pages\/26\/revisions\/32"}],"wp:attachment":[{"href":"http:\/\/elbitekstil.com.tr\/index.php\/wp-json\/wp\/v2\/media?parent=26"}],"curies":[{"name":"wp","href":"https:\/\/api.w.org\/{rel}","templated":true}]}}